{"id":113,"date":"2025-09-26T11:10:53","date_gmt":"2025-09-26T09:10:53","guid":{"rendered":"https:\/\/xn--art-thrapie33-ghb.fr\/?page_id=113"},"modified":"2026-02-25T18:07:38","modified_gmt":"2026-02-25T17:07:38","slug":"contact","status":"publish","type":"page","link":"https:\/\/xn--art-thrapie33-ghb.fr\/index.php\/contact\/","title":{"rendered":"Contact et prise de rendez-vous"},"content":{"rendered":"\n<p><strong>Armelle Cuisinier&nbsp;<\/strong><\/p>\n\n\n\n<p><strong>Art-th\u00e9rapeute contemporaine<\/strong><\/p>\n\n\n\n<p>Titre inscrit au&nbsp;<a href=\"https:\/\/www.francecompetences.fr\/?format=fr&amp;fiche=13091\" target=\"_blank\" rel=\"noreferrer noopener\">RNCP<\/a> de niveau 6, reconnu par l\u2019Etat<\/p>\n\n\n\n<p><strong>\u200b<\/strong><\/p>\n\n\n\n<p class=\"has-medium-font-size\"><strong>E-mail :&nbsp;<\/strong><a href=\"mailto:artmele33@gmail.com\"><strong>artmele33@gmail.com<\/strong><\/a><\/p>\n\n\n\n<p class=\"has-medium-font-size\"><strong>T\u00e9l\u00e9phone : 06.32.55.78.64<\/strong> <\/p>\n\n\n\n<p><\/p>\n\n\n\n<p><a href=\"https:\/\/www.resalib.fr\/praticien\/46250\">https:\/\/www.resalib.fr\/praticien\/46250<\/a><\/p>\n\n\n\n<p><\/p>\n\n\n\n<p><\/p>\n\n\n\n<p class=\"has-small-font-size\"><\/p>\n\n\n\n<p class=\"has-medium-font-size\"><strong>Pour r\u00e9server un rendez-vous en ligne au cabinet <\/strong>: <a href=\"https:\/\/l-air-de-rien.reservio.com\">https:\/\/l-air-de-rien.reservio.com<\/a><\/p>\n\n\n\n<p class=\"has-small-font-size\"><strong>(Cabinet : 58 Cours Sadi Carnot<\/strong>, <strong>33210 LANGON<\/strong> &#8211; \u00e0 5mn \u00e0 pied de la gare SNCF)<\/p>\n\n\n\n<p><\/p>\n\n\n\n<p class=\"has-medium-font-size\"><strong>Pour des interventions en Entreprises ou en Institutions<\/strong>, un \u00e9change par mail et de vive voix autour de votre projet est un pr\u00e9alable<em> <\/em>avant une proposition de devis<\/p>\n\n\n\n<p class=\"has-medium-font-size\"><\/p>\n\n\n\n<p>Un entretien pr\u00e9liminaire est n\u00e9cessaire avant toute art-th\u00e9rapie possible<\/p>\n\n\n\n<p>Pour plus de renseignements, n&rsquo;h\u00e9sitez pas \u00e0 me contacter<\/p>\n\n\n\n<p>\u200b<\/p>\n\n\n\n<p><\/p>\n","protected":false},"excerpt":{"rendered":"<p>Armelle Cuisinier&nbsp; Art-th\u00e9rapeute contemporaine Titre inscrit au&nbsp;RNCP de niveau 6, reconnu par l\u2019Etat \u200b E-mail :&nbsp;artmele33@gmail.com T\u00e9l\u00e9phone : 06.32.55.78.64 https:\/\/www.resalib.fr\/praticien\/46250 Pour r\u00e9server un rendez-vous en ligne au cabinet : https:\/\/l-air-de-rien.reservio.com (Cabinet : 58 Cours Sadi Carnot, 33210 LANGON &#8211; \u00e0 5mn \u00e0 pied de la gare SNCF) Pour des interventions en Entreprises ou en Institutions,&#8230;<\/p>\n","protected":false},"author":1,"featured_media":0,"parent":0,"menu_order":0,"comment_status":"closed","ping_status":"closed","template":"","meta":{"_kad_post_transparent":"","_kad_post_title":"","_kad_post_layout":"","_kad_post_sidebar_id":"","_kad_post_content_style":"","_kad_post_vertical_padding":"","_kad_post_feature":"","_kad_post_feature_position":"","_kad_post_header":false,"_kad_post_footer":false,"footnotes":""},"class_list":["post-113","page","type-page","status-publish","hentry"],"_links":{"self":[{"href":"https:\/\/xn--art-thrapie33-ghb.fr\/index.php\/wp-json\/wp\/v2\/pages\/113","targetHints":{"allow":["GET"]}}],"collection":[{"href":"https:\/\/xn--art-thrapie33-ghb.fr\/index.php\/wp-json\/wp\/v2\/pages"}],"about":[{"href":"https:\/\/xn--art-thrapie33-ghb.fr\/index.php\/wp-json\/wp\/v2\/types\/page"}],"author":[{"embeddable":true,"href":"https:\/\/xn--art-thrapie33-ghb.fr\/index.php\/wp-json\/wp\/v2\/users\/1"}],"replies":[{"embeddable":true,"href":"https:\/\/xn--art-thrapie33-ghb.fr\/index.php\/wp-json\/wp\/v2\/comments?post=113"}],"version-history":[{"count":18,"href":"https:\/\/xn--art-thrapie33-ghb.fr\/index.php\/wp-json\/wp\/v2\/pages\/113\/revisions"}],"predecessor-version":[{"id":409,"href":"https:\/\/xn--art-thrapie33-ghb.fr\/index.php\/wp-json\/wp\/v2\/pages\/113\/revisions\/409"}],"wp:attachment":[{"href":"https:\/\/xn--art-thrapie33-ghb.fr\/index.php\/wp-json\/wp\/v2\/media?parent=113"}],"curies":[{"name":"wp","href":"https:\/\/api.w.org\/{rel}","templated":true}]}}