{"id":118,"date":"2025-09-26T11:09:08","date_gmt":"2025-09-26T09:09:08","guid":{"rendered":"https:\/\/xn--art-thrapie33-ghb.fr\/?page_id=118"},"modified":"2025-10-01T11:14:50","modified_gmt":"2025-10-01T09:14:50","slug":"musicotherapie","status":"publish","type":"page","link":"https:\/\/xn--art-thrapie33-ghb.fr\/index.php\/musicotherapie\/","title":{"rendered":"La Musicoth\u00e9rapie"},"content":{"rendered":"\n<figure class=\"wp-block-image size-full is-resized\"><img loading=\"lazy\" decoding=\"async\" width=\"139\" height=\"184\" src=\"https:\/\/xn--art-thrapie33-ghb.fr\/wp-content\/uploads\/2025\/09\/image-1.jpeg\" alt=\"\" class=\"wp-image-119\" style=\"width:110px;height:auto\"\/><\/figure>\n\n\n\n<p><strong>\u200b<\/strong><\/p>\n\n\n\n<p class=\"has-text-color has-link-color has-medium-font-size wp-elements-2e85b57fa0b00837d0de54935eba5e29\" style=\"color:#f7650b\"><strong>C&rsquo;est quoi ?<\/strong><\/p>\n\n\n\n<p><strong> \u00ab\u00a0La musicoth\u00e9rapie<\/strong> trouve ses racines dans le monde sonore qui constitue notre environnement : les bruits, les voix, les sons (sans oublier les sons de la langue), le silence, le souffle, le mouvement\u2026 On d\u00e9finit la musicoth\u00e9rapie comme \u00e9tant l\u2019utilisation des \u00e9l\u00e9ments constitutifs de la musique (la vibration, le rythme, le son, la m\u00e9lodie, l\u2019harmonie) et, bien entendu la musique elle-m\u00eame, afin&nbsp;d\u2019ouvrir des canaux de communication.\u00a0\u00bb <\/p>\n\n\n\n<p>\u00ab\u00a0Elle trouve son champ d&rsquo;action \u00e0 partir du concept d&rsquo;isolement.\u00a0\u00bb<\/p>\n\n\n\n<p><a href=\"https:\/\/ateliers-ambx.net\/\"> Ateliers-ambx.net<\/a><\/p>\n\n\n\n<p>Je pratique une m\u00e9thode de musicoth\u00e9rapie <em><strong>active<\/strong><\/em>. Chacun est invit\u00e9 \u00e0 s&rsquo;exprimer et \u00e0 cr\u00e9er de fa\u00e7on singuli\u00e8re et \u00e0 son rythme avec des \u00e9l\u00e9ments constitutifs de la musique, au sein d&rsquo;un groupe, sans attente de production esth\u00e9tique.<\/p>\n\n\n\n<p><\/p>\n\n\n\n<p class=\"has-text-color has-link-color has-medium-font-size wp-elements-54b8c17b40a512853ef479308775ab34\" style=\"color:#f7650b\"><strong>Pour qui ?<\/strong><\/p>\n\n\n\n<p>Toute personne (enfant, adolescent, adulte), en difficult\u00e9s personnelle et\/ou scolaire ou professionnelle  (stress, anxi\u00e9t\u00e9,  manque de confiance en soi,  isolement, troubles autistiques, de la s\u00e9nescence,,&#8230;) sans n\u00e9cessit\u00e9 de conna\u00eetre le solf\u00e8ge, ni de savoir chanter<\/p>\n\n\n\n<p><\/p>\n\n\n\n<p class=\"has-text-color has-link-color has-medium-font-size wp-elements-d52e3869eab979f772f6150310db9ea8\" style=\"color:#f7650b\"><strong>\u200bPour quoi ?<\/strong><\/p>\n\n\n\n<p><strong>\u200b<\/strong>La vis\u00e9e est d&rsquo;ouvrir des canaux de communication avec soi et les autres en enclenchant des processus de cr\u00e9ation. L&rsquo;objet cr\u00e9\u00e9, ici, \u00e0 partir des \u00e9l\u00e9ments constitutifs de la musique, ne vaut pas pour lui-m\u00eame, mais en tant qu&rsquo;il relie avec soi, par sa fonction symbolisante, et avec les autres membres du groupe par sa fonction de m\u00e9diation.<\/p>\n\n\n\n<p>Elle stimule la cr\u00e9ativit\u00e9, l&rsquo;imagination, la m\u00e9morisation, la capacit\u00e9 \u00e0 faire des choix, la capacit\u00e9 d&rsquo;\u00eatre en lien avec soi et avec les autres. <\/p>\n\n\n\n<p><strong>Elle se distingue de l\u2019art-th\u00e9rapie contemporaine en cela qu\u2019elle n\u2019ouvre pas \u00e0 un processus th\u00e9rapeutique<\/strong>, ce qui engage un changement profond chez le sujet, mais peut avoir des <strong>effets th\u00e9rapeutiques<\/strong>. c&rsquo;est \u00e0 dire un certain bien-\u00eatre (r\u00e9duction des tensions psychiques et de l&rsquo;anxi\u00e9t\u00e9, plaisir ressenti, d\u00e9sir, conscience, confiance et estime de soi et des autres )  directement dans le temps de l&rsquo;atelier (\u00e9tant soumis \u00e0 ce qui se passe \u00e0 l&rsquo;int\u00e9rieur du groupe) et gr\u00e2ce aux stimulations et aux liens facilit\u00e9s, une possibilit\u00e9 de (re)trouver une place \u00e0 l&rsquo;int\u00e9rieur de l&rsquo;organisation institutionnelle, de l&rsquo;\u00e9cole ou de l&rsquo;entreprise.<\/p>\n\n\n\n<p><\/p>\n\n\n\n<p class=\"has-text-color has-link-color has-medium-font-size wp-elements-642a74c7e3044b7111ec547cf96d065a\" style=\"color:#f7650b\"><strong>Comment se d\u00e9roule un atelier de musicoth\u00e9rapie ?<\/strong><\/p>\n\n\n\n<p><strong>Chaque atelier a lieu<\/strong> <em><strong>en groupe entre 2 et 10 personnes<\/strong><\/em>, selon une liste pr\u00e9\u00e9tablie par l&rsquo;Institution, l&rsquo;\u00e9cole ou l&rsquo;entreprise<\/p>\n\n\n\n<p>Un espace-temps r\u00e9gulier est indiqu\u00e9 pour que ce soit rep\u00e9rant pour chacun. <\/p>\n\n\n\n<p>Chaque atelier est bas\u00e9 sur l&rsquo;\u00e9coute (sons, musiques, voix, jeux musicaux) et des propositions \u00e0 utiliser des \u00e9l\u00e9ments mis \u00e0 disposition (mat\u00e9riels, instruments simples de percussion, \u00e9l\u00e9ments de la salle) et\/ou sa voix, ainsi que l&rsquo;espace pour se mettre en mouvement. <\/p>\n\n\n\n<p>Il n&rsquo;y a pas d&rsquo;atelier type, puisqu&rsquo;il a lieu aussi en fonction de ce qui se passe dans le groupe. Chacun est invit\u00e9 \u00e0 participer \u00e0 son rythme, sans obligation de production.<\/p>\n\n\n\n<p>\u200bLa dur\u00e9e de l&rsquo;atelier est d&rsquo;environ 1 heure<\/p>\n\n\n\n<p><\/p>\n\n\n\n<p class=\"has-text-color has-link-color wp-elements-c9c54de32d9a8bcb1bd8e213bb57dd31\" style=\"color:#f7650b\"><strong>Quels lieux d&rsquo;intervention ?<\/strong><\/p>\n\n\n\n<p>En Institution m\u00e9dico-sociale, sanitaire, scolaire ou en entreprise, <strong>dans la p\u00e9riph\u00e9rie de LANGON ou BORDEAUX<\/strong>&nbsp;<\/p>\n\n\n\n<p>La salle doit \u00eatre suffisamment insonoris\u00e9e ou \u00e9loign\u00e9e des autres espaces de vie.<br><\/p>\n\n\n\n<p class=\"has-text-color has-link-color has-medium-font-size wp-elements-16183397c2874f0cb3188bc6b8126b87\" style=\"color:#f7650b\"><strong>Tarif :<\/strong><\/p>\n\n\n\n<p>Sur devis. N&rsquo;h\u00e9sitez pas \u00e0 me contacter<\/p>\n\n\n\n<p><\/p>\n\n\n\n<p><\/p>\n\n\n\n<p><\/p>\n\n\n\n<p><\/p>\n\n\n\n<p><\/p>\n\n\n\n<p><\/p>\n\n\n\n<p><strong>\u200b<\/strong><\/p>\n\n\n\n<p><\/p>\n\n\n\n<p><strong>\u200b<\/strong><\/p>\n\n\n\n<p><strong>\u200b<\/strong><\/p>\n\n\n\n<p><strong>\u200b<\/strong><\/p>\n\n\n\n<p><strong>\u200b<\/strong><\/p>\n","protected":false},"excerpt":{"rendered":"<p>\u200b C&rsquo;est quoi ? \u00ab\u00a0La musicoth\u00e9rapie trouve ses racines dans le monde sonore qui constitue notre environnement : les bruits, les voix, les sons (sans oublier les sons de la langue), le silence, le souffle, le mouvement\u2026 On d\u00e9finit la musicoth\u00e9rapie comme \u00e9tant l\u2019utilisation des \u00e9l\u00e9ments constitutifs de la musique (la vibration, le rythme, le&#8230;<\/p>\n","protected":false},"author":1,"featured_media":0,"parent":0,"menu_order":0,"comment_status":"closed","ping_status":"closed","template":"","meta":{"_kad_post_transparent":"","_kad_post_title":"","_kad_post_layout":"","_kad_post_sidebar_id":"","_kad_post_content_style":"","_kad_post_vertical_padding":"","_kad_post_feature":"","_kad_post_feature_position":"","_kad_post_header":false,"_kad_post_footer":false,"footnotes":""},"class_list":["post-118","page","type-page","status-publish","hentry"],"_links":{"self":[{"href":"https:\/\/xn--art-thrapie33-ghb.fr\/index.php\/wp-json\/wp\/v2\/pages\/118","targetHints":{"allow":["GET"]}}],"collection":[{"href":"https:\/\/xn--art-thrapie33-ghb.fr\/index.php\/wp-json\/wp\/v2\/pages"}],"about":[{"href":"https:\/\/xn--art-thrapie33-ghb.fr\/index.php\/wp-json\/wp\/v2\/types\/page"}],"author":[{"embeddable":true,"href":"https:\/\/xn--art-thrapie33-ghb.fr\/index.php\/wp-json\/wp\/v2\/users\/1"}],"replies":[{"embeddable":true,"href":"https:\/\/xn--art-thrapie33-ghb.fr\/index.php\/wp-json\/wp\/v2\/comments?post=118"}],"version-history":[{"count":31,"href":"https:\/\/xn--art-thrapie33-ghb.fr\/index.php\/wp-json\/wp\/v2\/pages\/118\/revisions"}],"predecessor-version":[{"id":366,"href":"https:\/\/xn--art-thrapie33-ghb.fr\/index.php\/wp-json\/wp\/v2\/pages\/118\/revisions\/366"}],"wp:attachment":[{"href":"https:\/\/xn--art-thrapie33-ghb.fr\/index.php\/wp-json\/wp\/v2\/media?parent=118"}],"curies":[{"name":"wp","href":"https:\/\/api.w.org\/{rel}","templated":true}]}}